{"id":77,"date":"2021-03-31T17:18:02","date_gmt":"2021-03-31T17:18:02","guid":{"rendered":"https:\/\/zahnarzt-himmelmann.de\/?page_id=77"},"modified":"2022-02-16T21:36:09","modified_gmt":"2022-02-16T19:36:09","slug":"termin","status":"publish","type":"page","link":"https:\/\/zahnarzt-himmelmann.de\/en\/termin","title":{"rendered":"Termin"},"content":{"rendered":"<div data-elementor-type=\"wp-page\" data-elementor-id=\"77\" class=\"elementor elementor-77\" data-elementor-post-type=\"page\">\n\t\t\t\t\t\t<section class=\"elementor-section elementor-top-section elementor-element elementor-element-028e197 elementor-section-boxed elementor-section-height-default elementor-section-height-default\" data-id=\"028e197\" data-element_type=\"section\">\n\t\t\t\t\t\t<div class=\"elementor-container elementor-column-gap-default\">\n\t\t\t\t\t<div class=\"elementor-column elementor-col-100 elementor-top-column elementor-element elementor-element-9d5bce7\" data-id=\"9d5bce7\" data-element_type=\"column\">\n\t\t\t<div class=\"elementor-widget-wrap elementor-element-populated\">\n\t\t\t\t\t\t<div class=\"elementor-element elementor-element-1ae200f elementor-widget elementor-widget-spacer\" data-id=\"1ae200f\" data-element_type=\"widget\" data-widget_type=\"spacer.default\">\n\t\t\t\t<div class=\"elementor-widget-container\">\n\t\t\t\t\t\t\t<div class=\"elementor-spacer\">\n\t\t\t<div class=\"elementor-spacer-inner\"><\/div>\n\t\t<\/div>\n\t\t\t\t\t\t<\/div>\n\t\t\t\t<\/div>\n\t\t\t\t\t<\/div>\n\t\t<\/div>\n\t\t\t\t\t<\/div>\n\t\t<\/section>\n\t\t\t\t<section class=\"elementor-section elementor-top-section elementor-element elementor-element-383ddd1 elementor-section-boxed elementor-section-height-default elementor-section-height-default\" data-id=\"383ddd1\" data-element_type=\"section\">\n\t\t\t\t\t\t<div class=\"elementor-container elementor-column-gap-default\">\n\t\t\t\t\t<div class=\"elementor-column elementor-col-100 elementor-top-column elementor-element elementor-element-85842e4\" data-id=\"85842e4\" data-element_type=\"column\">\n\t\t\t<div class=\"elementor-widget-wrap elementor-element-populated\">\n\t\t\t\t\t\t<div class=\"elementor-element elementor-element-7df2313 elementor-widget elementor-widget-spacer\" data-id=\"7df2313\" data-element_type=\"widget\" data-widget_type=\"spacer.default\">\n\t\t\t\t<div class=\"elementor-widget-container\">\n\t\t\t\t\t\t\t<div class=\"elementor-spacer\">\n\t\t\t<div class=\"elementor-spacer-inner\"><\/div>\n\t\t<\/div>\n\t\t\t\t\t\t<\/div>\n\t\t\t\t<\/div>\n\t\t\t\t\t<\/div>\n\t\t<\/div>\n\t\t\t\t\t<\/div>\n\t\t<\/section>\n\t\t\t\t<section class=\"elementor-section elementor-top-section elementor-element elementor-element-6c267f7 elementor-section-boxed elementor-section-height-default elementor-section-height-default\" data-id=\"6c267f7\" data-element_type=\"section\">\n\t\t\t\t\t\t<div class=\"elementor-container elementor-column-gap-default\">\n\t\t\t\t\t<div class=\"elementor-column elementor-col-100 elementor-top-column elementor-element elementor-element-bae040a\" data-id=\"bae040a\" data-element_type=\"column\">\n\t\t\t<div class=\"elementor-widget-wrap elementor-element-populated\">\n\t\t\t\t\t\t<div class=\"elementor-element elementor-element-e2ac586 elementor-widget elementor-widget-heading\" data-id=\"e2ac586\" data-element_type=\"widget\" data-widget_type=\"heading.default\">\n\t\t\t\t<div class=\"elementor-widget-container\">\n\t\t\t\t\t<h2 class=\"elementor-heading-title elementor-size-default\">Make an appointment<\/h2>\t\t\t\t<\/div>\n\t\t\t\t<\/div>\n\t\t\t\t\t<\/div>\n\t\t<\/div>\n\t\t\t\t\t<\/div>\n\t\t<\/section>\n\t\t\t\t<section class=\"elementor-section elementor-top-section elementor-element elementor-element-85c0a9b elementor-section-boxed elementor-section-height-default elementor-section-height-default\" data-id=\"85c0a9b\" data-element_type=\"section\">\n\t\t\t\t\t\t<div class=\"elementor-container elementor-column-gap-default\">\n\t\t\t\t\t<div class=\"elementor-column elementor-col-100 elementor-top-column elementor-element elementor-element-8c1717d\" data-id=\"8c1717d\" data-element_type=\"column\">\n\t\t\t<div class=\"elementor-widget-wrap elementor-element-populated\">\n\t\t\t\t\t\t<div class=\"elementor-element elementor-element-faee79e elementor-widget elementor-widget-html\" data-id=\"faee79e\" data-element_type=\"widget\" data-widget_type=\"html.default\">\n\t\t\t\t<div class=\"elementor-widget-container\">\n\t\t\t\t\t<div> <script src=\"https:\/\/www.jameda.de\/api\/otb-widget\/?refid=81636540_1&version=1\" async><\/script><div id=\"jam-ota-info_81636540_1\"><\/div>\t\t\t\t<\/div>\n\t\t\t\t<\/div>\n\t\t\t\t\t<\/div>\n\t\t<\/div>\n\t\t\t\t\t<\/div>\n\t\t<\/section>\n\t\t\t\t<section class=\"elementor-section elementor-top-section elementor-element elementor-element-6bc2903 elementor-section-boxed elementor-section-height-default elementor-section-height-default\" data-id=\"6bc2903\" data-element_type=\"section\">\n\t\t\t\t\t\t<div class=\"elementor-container elementor-column-gap-default\">\n\t\t\t\t\t<div class=\"elementor-column elementor-col-100 elementor-top-column elementor-element elementor-element-2b8a617\" data-id=\"2b8a617\" data-element_type=\"column\">\n\t\t\t<div class=\"elementor-widget-wrap elementor-element-populated\">\n\t\t\t\t\t\t<div class=\"elementor-element elementor-element-6745c04 elementor-widget elementor-widget-text-editor\" data-id=\"6745c04\" data-element_type=\"widget\" data-widget_type=\"text-editor.default\">\n\t\t\t\t<div class=\"elementor-widget-container\">\n\t\t\t\t\t\t\t\t\t<p style=\"text-align: left;\">Dear patients,<br \/><br \/>You can make appointments with our practice easily and conveniently online, even outside of our 24-hour opening hours. Benefit from a flexible choice of appointments and book your desired appointment within a few seconds.\u00a0<\/p><ol style=\"text-align: left;\"><li>Specify type of insurance<\/li><li>Choose reason for visit<\/li><li>Book an appointment<\/li><\/ol><p style=\"text-align: left;\"><br \/>After the reservation you will receive an e-mail as a confirmation for your appointment and before the appointment a reminder by e-mail &amp; SMS.<\/p>\t\t\t\t\t\t\t\t<\/div>\n\t\t\t\t<\/div>\n\t\t\t\t\t<\/div>\n\t\t<\/div>\n\t\t\t\t\t<\/div>\n\t\t<\/section>\n\t\t\t\t<\/div>","protected":false},"excerpt":{"rendered":"<p>Termin Vereinbaren Liebe Patientinnen und Patienten, Terminvereinbarungen mit unserer Praxis k\u00f6nnen Sie hier auch au\u00dferhalb der \u00d6ffnungszeiten 24h an allen Tagen der Woche einfach und bequem online durchf\u00fchren. Profitieren Sie von einer flexiblen Terminwahl und buchen Sie innerhalb weniger Sekunden Ihren gew\u00fcnschten Termin.\u00a0 Versicherungsart angeben Besuchsgrund w\u00e4hlen Termin buchen Nach der Reservierung erhalten Sie eine [&hellip;]<\/p>","protected":false},"author":1,"featured_media":0,"parent":0,"menu_order":0,"comment_status":"closed","ping_status":"closed","template":"elementor_header_footer","meta":{"inline_featured_image":false,"footnotes":""},"class_list":["post-77","page","type-page","status-publish","hentry","entry"],"yoast_head":"<!-- This site is optimized with the Yoast SEO plugin v26.6 - https:\/\/yoast.com\/wordpress\/plugins\/seo\/ -->\n<title>Termin - Zahnarztpraxis Himmelmann und Kollegen<\/title>\n<meta name=\"robots\" content=\"index, follow, max-snippet:-1, max-image-preview:large, max-video-preview:-1\" \/>\n<link rel=\"canonical\" href=\"https:\/\/zahnarzt-himmelmann.de\/en\/termin\/\" \/>\n<meta property=\"og:locale\" content=\"en_GB\" \/>\n<meta property=\"og:type\" content=\"article\" \/>\n<meta property=\"og:title\" content=\"Termin - Zahnarztpraxis Himmelmann und Kollegen\" \/>\n<meta property=\"og:description\" content=\"Termin Vereinbaren Liebe Patientinnen und Patienten, Terminvereinbarungen mit unserer Praxis k\u00f6nnen Sie hier auch au\u00dferhalb der \u00d6ffnungszeiten 24h an allen Tagen der Woche einfach und bequem online durchf\u00fchren. Profitieren Sie von einer flexiblen Terminwahl und buchen Sie innerhalb weniger Sekunden Ihren gew\u00fcnschten Termin.\u00a0 Versicherungsart angeben Besuchsgrund w\u00e4hlen Termin buchen Nach der Reservierung erhalten Sie eine [&hellip;]\" \/>\n<meta property=\"og:url\" content=\"https:\/\/zahnarzt-himmelmann.de\/en\/termin\/\" \/>\n<meta property=\"og:site_name\" content=\"Zahnarztpraxis Himmelmann und Kollegen\" \/>\n<meta property=\"article:modified_time\" content=\"2022-02-16T19:36:09+00:00\" \/>\n<meta name=\"twitter:card\" content=\"summary_large_image\" \/>\n<meta name=\"twitter:label1\" content=\"Estimated reading time\" \/>\n\t<meta name=\"twitter:data1\" content=\"1 minute\" \/>\n<script type=\"application\/ld+json\" class=\"yoast-schema-graph\">{\"@context\":\"https:\/\/schema.org\",\"@graph\":[{\"@type\":\"WebPage\",\"@id\":\"https:\/\/zahnarzt-himmelmann.de\/termin\",\"url\":\"https:\/\/zahnarzt-himmelmann.de\/termin\",\"name\":\"Termin - Zahnarztpraxis Himmelmann und Kollegen\",\"isPartOf\":{\"@id\":\"https:\/\/zahnarzt-himmelmann.de\/#website\"},\"datePublished\":\"2021-03-31T17:18:02+00:00\",\"dateModified\":\"2022-02-16T19:36:09+00:00\",\"breadcrumb\":{\"@id\":\"https:\/\/zahnarzt-himmelmann.de\/termin#breadcrumb\"},\"inLanguage\":\"en-GB\",\"potentialAction\":[{\"@type\":\"ReadAction\",\"target\":[\"https:\/\/zahnarzt-himmelmann.de\/termin\"]}]},{\"@type\":\"BreadcrumbList\",\"@id\":\"https:\/\/zahnarzt-himmelmann.de\/termin#breadcrumb\",\"itemListElement\":[{\"@type\":\"ListItem\",\"position\":1,\"name\":\"Home\",\"item\":\"https:\/\/zahnarzt-himmelmann.de\/\"},{\"@type\":\"ListItem\",\"position\":2,\"name\":\"Termin\"}]},{\"@type\":\"WebSite\",\"@id\":\"https:\/\/zahnarzt-himmelmann.de\/#website\",\"url\":\"https:\/\/zahnarzt-himmelmann.de\/\",\"name\":\"Zahnarztpraxis Himmelmann und Kollegen\",\"description\":\"Zahnarztpraxis Himmelmann und Kollegen am Kurt-Schuhmacher-Platz-Berlin\",\"publisher\":{\"@id\":\"https:\/\/zahnarzt-himmelmann.de\/#organization\"},\"potentialAction\":[{\"@type\":\"SearchAction\",\"target\":{\"@type\":\"EntryPoint\",\"urlTemplate\":\"https:\/\/zahnarzt-himmelmann.de\/?s={search_term_string}\"},\"query-input\":{\"@type\":\"PropertyValueSpecification\",\"valueRequired\":true,\"valueName\":\"search_term_string\"}}],\"inLanguage\":\"en-GB\"},{\"@type\":\"Organization\",\"@id\":\"https:\/\/zahnarzt-himmelmann.de\/#organization\",\"name\":\"Zahnarztpraxis Himmelmann und Kollegen\",\"url\":\"https:\/\/zahnarzt-himmelmann.de\/\",\"logo\":{\"@type\":\"ImageObject\",\"inLanguage\":\"en-GB\",\"@id\":\"https:\/\/zahnarzt-himmelmann.de\/#\/schema\/logo\/image\/\",\"url\":\"https:\/\/zahnarzt-himmelmann.de\/wp-content\/uploads\/2021\/04\/favicon.png\",\"contentUrl\":\"https:\/\/zahnarzt-himmelmann.de\/wp-content\/uploads\/2021\/04\/favicon.png\",\"width\":512,\"height\":512,\"caption\":\"Zahnarztpraxis Himmelmann und Kollegen\"},\"image\":{\"@id\":\"https:\/\/zahnarzt-himmelmann.de\/#\/schema\/logo\/image\/\"}}]}<\/script>\n<!-- \/ Yoast SEO plugin. -->","yoast_head_json":{"title":"Termin - Zahnarztpraxis Himmelmann und Kollegen","robots":{"index":"index","follow":"follow","max-snippet":"max-snippet:-1","max-image-preview":"max-image-preview:large","max-video-preview":"max-video-preview:-1"},"canonical":"https:\/\/zahnarzt-himmelmann.de\/en\/termin\/","og_locale":"en_GB","og_type":"article","og_title":"Termin - Zahnarztpraxis Himmelmann und Kollegen","og_description":"Termin Vereinbaren Liebe Patientinnen und Patienten, Terminvereinbarungen mit unserer Praxis k\u00f6nnen Sie hier auch au\u00dferhalb der \u00d6ffnungszeiten 24h an allen Tagen der Woche einfach und bequem online durchf\u00fchren. Profitieren Sie von einer flexiblen Terminwahl und buchen Sie innerhalb weniger Sekunden Ihren gew\u00fcnschten Termin.\u00a0 Versicherungsart angeben Besuchsgrund w\u00e4hlen Termin buchen Nach der Reservierung erhalten Sie eine [&hellip;]","og_url":"https:\/\/zahnarzt-himmelmann.de\/en\/termin\/","og_site_name":"Zahnarztpraxis Himmelmann und Kollegen","article_modified_time":"2022-02-16T19:36:09+00:00","twitter_card":"summary_large_image","twitter_misc":{"Estimated reading time":"1 minute"},"schema":{"@context":"https:\/\/schema.org","@graph":[{"@type":"WebPage","@id":"https:\/\/zahnarzt-himmelmann.de\/termin","url":"https:\/\/zahnarzt-himmelmann.de\/termin","name":"Termin - Zahnarztpraxis Himmelmann und Kollegen","isPartOf":{"@id":"https:\/\/zahnarzt-himmelmann.de\/#website"},"datePublished":"2021-03-31T17:18:02+00:00","dateModified":"2022-02-16T19:36:09+00:00","breadcrumb":{"@id":"https:\/\/zahnarzt-himmelmann.de\/termin#breadcrumb"},"inLanguage":"en-GB","potentialAction":[{"@type":"ReadAction","target":["https:\/\/zahnarzt-himmelmann.de\/termin"]}]},{"@type":"BreadcrumbList","@id":"https:\/\/zahnarzt-himmelmann.de\/termin#breadcrumb","itemListElement":[{"@type":"ListItem","position":1,"name":"Home","item":"https:\/\/zahnarzt-himmelmann.de\/"},{"@type":"ListItem","position":2,"name":"Termin"}]},{"@type":"WebSite","@id":"https:\/\/zahnarzt-himmelmann.de\/#website","url":"https:\/\/zahnarzt-himmelmann.de\/","name":"Dentist Himmelmann und Kollegen Berlin Kurt-Schumacher-Platz","description":"Zahnarztpraxis Himmelmann und Kollegen am Kurt-Schuhmacher-Platz-Berlin","publisher":{"@id":"https:\/\/zahnarzt-himmelmann.de\/#organization"},"potentialAction":[{"@type":"SearchAction","target":{"@type":"EntryPoint","urlTemplate":"https:\/\/zahnarzt-himmelmann.de\/?s={search_term_string}"},"query-input":{"@type":"PropertyValueSpecification","valueRequired":true,"valueName":"search_term_string"}}],"inLanguage":"en-GB"},{"@type":"Organization","@id":"https:\/\/zahnarzt-himmelmann.de\/#organization","name":"Dentist Himmelmann und Kollegen Berlin Kurt-Schumacher-Platz","url":"https:\/\/zahnarzt-himmelmann.de\/","logo":{"@type":"ImageObject","inLanguage":"en-GB","@id":"https:\/\/zahnarzt-himmelmann.de\/#\/schema\/logo\/image\/","url":"https:\/\/zahnarzt-himmelmann.de\/wp-content\/uploads\/2021\/04\/favicon.png","contentUrl":"https:\/\/zahnarzt-himmelmann.de\/wp-content\/uploads\/2021\/04\/favicon.png","width":512,"height":512,"caption":"Zahnarztpraxis Himmelmann und Kollegen"},"image":{"@id":"https:\/\/zahnarzt-himmelmann.de\/#\/schema\/logo\/image\/"}}]}},"_links":{"self":[{"href":"https:\/\/zahnarzt-himmelmann.de\/en\/wp-json\/wp\/v2\/pages\/77","targetHints":{"allow":["GET"]}}],"collection":[{"href":"https:\/\/zahnarzt-himmelmann.de\/en\/wp-json\/wp\/v2\/pages"}],"about":[{"href":"https:\/\/zahnarzt-himmelmann.de\/en\/wp-json\/wp\/v2\/types\/page"}],"author":[{"embeddable":true,"href":"https:\/\/zahnarzt-himmelmann.de\/en\/wp-json\/wp\/v2\/users\/1"}],"replies":[{"embeddable":true,"href":"https:\/\/zahnarzt-himmelmann.de\/en\/wp-json\/wp\/v2\/comments?post=77"}],"version-history":[{"count":15,"href":"https:\/\/zahnarzt-himmelmann.de\/en\/wp-json\/wp\/v2\/pages\/77\/revisions"}],"predecessor-version":[{"id":4137,"href":"https:\/\/zahnarzt-himmelmann.de\/en\/wp-json\/wp\/v2\/pages\/77\/revisions\/4137"}],"wp:attachment":[{"href":"https:\/\/zahnarzt-himmelmann.de\/en\/wp-json\/wp\/v2\/media?parent=77"}],"curies":[{"name":"wp","href":"https:\/\/api.w.org\/{rel}","templated":true}]}}