{"id":4541,"date":"2023-07-01T16:30:08","date_gmt":"2023-07-01T14:30:08","guid":{"rendered":"https:\/\/zahnarzt-himmelmann.de\/?page_id=4541"},"modified":"2023-07-01T16:42:07","modified_gmt":"2023-07-01T14:42:07","slug":"zaehne-zeigen","status":"publish","type":"page","link":"https:\/\/zahnarzt-himmelmann.de\/en\/zaehne-zeigen","title":{"rendered":"Z\u00e4hne Zeigen"},"content":{"rendered":"<div data-elementor-type=\"wp-post\" data-elementor-id=\"4541\" class=\"elementor elementor-4541\" data-elementor-post-type=\"page\">\n\t\t\t\t\t\t<section class=\"elementor-section elementor-top-section elementor-element elementor-element-8c8d3f7 elementor-section-boxed elementor-section-height-default elementor-section-height-default\" data-id=\"8c8d3f7\" data-element_type=\"section\">\n\t\t\t\t\t\t<div class=\"elementor-container elementor-column-gap-default\">\n\t\t\t\t\t<div class=\"elementor-column elementor-col-100 elementor-top-column elementor-element elementor-element-c6b5e2b\" data-id=\"c6b5e2b\" data-element_type=\"column\">\n\t\t\t<div class=\"elementor-widget-wrap elementor-element-populated\">\n\t\t\t\t\t\t<div class=\"elementor-element elementor-element-b75c7d2 elementor-widget elementor-widget-spacer\" data-id=\"b75c7d2\" data-element_type=\"widget\" data-widget_type=\"spacer.default\">\n\t\t\t\t<div class=\"elementor-widget-container\">\n\t\t\t\t\t\t\t<div class=\"elementor-spacer\">\n\t\t\t<div class=\"elementor-spacer-inner\"><\/div>\n\t\t<\/div>\n\t\t\t\t\t\t<\/div>\n\t\t\t\t<\/div>\n\t\t\t\t\t<\/div>\n\t\t<\/div>\n\t\t\t\t\t<\/div>\n\t\t<\/section>\n\t\t\t\t<section class=\"elementor-section elementor-top-section elementor-element elementor-element-6875b91 elementor-section-boxed elementor-section-height-default elementor-section-height-default\" data-id=\"6875b91\" data-element_type=\"section\">\n\t\t\t\t\t\t<div class=\"elementor-container elementor-column-gap-default\">\n\t\t\t\t\t<div class=\"elementor-column elementor-col-100 elementor-top-column elementor-element elementor-element-5da3b8e\" data-id=\"5da3b8e\" data-element_type=\"column\">\n\t\t\t<div class=\"elementor-widget-wrap elementor-element-populated\">\n\t\t\t\t\t\t<div class=\"elementor-element elementor-element-be78899 elementor-align-center elementor-widget elementor-widget-button\" data-id=\"be78899\" data-element_type=\"widget\" data-widget_type=\"button.default\">\n\t\t\t\t<div class=\"elementor-widget-container\">\n\t\t\t\t\t\t\t\t\t<div class=\"elementor-button-wrapper\">\n\t\t\t\t\t<a class=\"elementor-button elementor-button-link elementor-size-sm\" href=\"https:\/\/www.zaehnezeigen.info\" target=\"_blank\">\n\t\t\t\t\t\t<span class=\"elementor-button-content-wrapper\">\n\t\t\t\t\t\t\t\t\t<span class=\"elementor-button-text\">JETZT MITMACHEN &gt;&gt;<\/span>\n\t\t\t\t\t<\/span>\n\t\t\t\t\t<\/a>\n\t\t\t\t<\/div>\n\t\t\t\t\t\t\t\t<\/div>\n\t\t\t\t<\/div>\n\t\t\t\t\t<\/div>\n\t\t<\/div>\n\t\t\t\t\t<\/div>\n\t\t<\/section>\n\t\t\t\t<section class=\"elementor-section elementor-top-section elementor-element elementor-element-771f1c5 elementor-section-full_width elementor-section-height-default elementor-section-height-default\" data-id=\"771f1c5\" data-element_type=\"section\">\n\t\t\t\t\t\t<div class=\"elementor-container elementor-column-gap-default\">\n\t\t\t\t\t<div class=\"elementor-column elementor-col-100 elementor-top-column elementor-element elementor-element-143fc46\" data-id=\"143fc46\" data-element_type=\"column\">\n\t\t\t<div class=\"elementor-widget-wrap elementor-element-populated\">\n\t\t\t\t\t\t<div class=\"elementor-element elementor-element-6b630a0 elementor-hidden-tablet elementor-widget elementor-widget-text-editor\" data-id=\"6b630a0\" data-element_type=\"widget\" data-widget_type=\"text-editor.default\">\n\t\t\t\t<div class=\"elementor-widget-container\">\n\t\t\t\t\t\t\t\t\t<p>Willst Du Deine Z\u00e4hne verlieren, weil Du Dir bald finanziell gar nicht mehr leisten kannst, zum Zahnarzt zu gehen? Die Regierung hat f\u00fcr Dich schon entschieden und Deine zahn\u00e4rztlichen Leistungen gek\u00fcrzt. Das f\u00fchrt dazu, dass Du entweder viel Geld beim Zahnarzt selbst bezahlen musst, oder Deine Z\u00e4hne drunter leiden werden. <br \/>Du bezahlst f\u00fcr eine Krankenversicherung und solltest eine gute zahn\u00e4rztliche Leistung daf\u00fcr erwarten. Seit Jahren sind die Patienten unzufrieden, weil die Krankenkassen nur ausreichende, zweckm\u00e4\u00dfige und wirtschaftliche Behandlungen \u00fcbernommen haben. Alles was zeitgem\u00e4\u00df und modern ist, wird von den Patienten selbst zus\u00e4tzlich bezahlt. Jetzt wurde entschieden, dass Du sogar noch weniger Leistungen bekommen solltest.<\/p><p>Die Parodontitis-Behandlung zusammen mit mehreren zahn\u00e4rztlichen Leistungen wurden ab dem 01.01.2023 budgetiert. Das bedeutet, dass ein Zahnarzt nur eine begrenzte Patientenzahl, die unter Parodontotis oder anderen Munderkrankungen leiden, behandeln darf. Behandelt er mehrere Patienten, bekommt er kein Geld daf\u00fcr. Was passiert mit diesen Patienten, die allerdings unter Parodontitis leiden und ihre Z\u00e4hne verlieren k\u00f6nnen, weil deren Behandlungen von den Krankenkassen einfach nicht mehr bezahlt werden? Die werden tief in die Tasche greifen m\u00fcssen, da ihre Mundgesundheit in Gefahr ist. Und all das, obwohl jeder f\u00fcr seine Krankenversicherung einen Haufen Geld bezahlt.<\/p><p><strong>K\u00e4mpfe mit uns zusammen f\u00fcr Deine Z\u00e4hne, f\u00fcr Deine Gesundheit und f\u00fcr Dein Portmonee.<\/strong><\/p><h3>Werde Teil der Kampagne \u201eZ\u00e4hne Zeigen\u201c. Du musst nur 3 Sachen machen!<\/h3><p><strong>1.<\/strong>Geh auf die Seite <strong><a href=\"https:\/\/www.zaehnezeigen.info\" target=\"_blank\" rel=\"noopener\">https:\/\/www.zaehnezeigen.info<\/a><\/strong> und klicke auf mitmachen.<\/p><p><strong>2.<\/strong>Gib Deine PLZ ein. Dir werden jetzt die f\u00fcr Deine Gegend zust\u00e4ndigen Abgeordneten gezeigt mit Namen und Emailadresse. Diese m\u00fcssen von uns so viele Emails wie m\u00f6glich erhalten, damit die wach werden und f\u00fcr Deine Z\u00e4hne eine bessere Entscheidung treffen.<\/p><p><strong>3.<\/strong>Kopiere die Email-Adresse des Abgeordneten zusammen mit dem vorformulierten Text und schick ihm die Email zu. Das solltest Du mit jedem Abgeordneten machen, der Dir gezeigt wird, nachdem Du die PLZ eingegeben hast.<\/p><p>Es ist gar nicht kompliziert und extrem wichtig, dass jeder klein oder gro\u00df mitwirkt. Getrennt sind wir schwach, zusammen eine Macht!<\/p><p>Lass uns zusammen die GESUNDEN \u201eZ\u00e4hne zeigen\u201c!<\/p>\t\t\t\t\t\t\t\t<\/div>\n\t\t\t\t<\/div>\n\t\t\t\t\t<\/div>\n\t\t<\/div>\n\t\t\t\t\t<\/div>\n\t\t<\/section>\n\t\t\t\t<section class=\"elementor-section elementor-top-section elementor-element elementor-element-93d4c14 elementor-section-boxed elementor-section-height-default elementor-section-height-default\" data-id=\"93d4c14\" data-element_type=\"section\">\n\t\t\t\t\t\t<div class=\"elementor-container elementor-column-gap-default\">\n\t\t\t\t\t<div class=\"elementor-column elementor-col-100 elementor-top-column elementor-element elementor-element-3040743\" data-id=\"3040743\" data-element_type=\"column\">\n\t\t\t<div class=\"elementor-widget-wrap elementor-element-populated\">\n\t\t\t\t\t\t<div class=\"elementor-element elementor-element-5a3fa48 elementor-align-center elementor-widget elementor-widget-button\" data-id=\"5a3fa48\" data-element_type=\"widget\" data-widget_type=\"button.default\">\n\t\t\t\t<div class=\"elementor-widget-container\">\n\t\t\t\t\t\t\t\t\t<div class=\"elementor-button-wrapper\">\n\t\t\t\t\t<a class=\"elementor-button elementor-button-link elementor-size-sm\" href=\"https:\/\/www.zaehnezeigen.info\" target=\"_blank\">\n\t\t\t\t\t\t<span class=\"elementor-button-content-wrapper\">\n\t\t\t\t\t\t\t\t\t<span class=\"elementor-button-text\">JETZT MITMACHEN &gt;&gt;<\/span>\n\t\t\t\t\t<\/span>\n\t\t\t\t\t<\/a>\n\t\t\t\t<\/div>\n\t\t\t\t\t\t\t\t<\/div>\n\t\t\t\t<\/div>\n\t\t\t\t\t<\/div>\n\t\t<\/div>\n\t\t\t\t\t<\/div>\n\t\t<\/section>\n\t\t\t\t<\/div>","protected":false},"excerpt":{"rendered":"<p>JETZT MITMACHEN >> Willst Du Deine Z\u00e4hne verlieren, weil Du Dir bald finanziell gar nicht mehr leisten kannst, zum Zahnarzt zu gehen? Die Regierung hat f\u00fcr Dich schon entschieden und Deine zahn\u00e4rztlichen Leistungen gek\u00fcrzt. Das f\u00fchrt dazu, dass Du entweder viel Geld beim Zahnarzt selbst bezahlen musst, oder Deine Z\u00e4hne drunter leiden werden. Du bezahlst [&hellip;]<\/p>","protected":false},"author":1,"featured_media":0,"parent":0,"menu_order":0,"comment_status":"closed","ping_status":"closed","template":"elementor_header_footer","meta":{"inline_featured_image":false,"footnotes":""},"class_list":["post-4541","page","type-page","status-publish","hentry","entry"],"yoast_head":"<!-- This site is optimized with the Yoast SEO plugin v26.6 - https:\/\/yoast.com\/wordpress\/plugins\/seo\/ -->\n<title>Z\u00e4hne Zeigen - Zahnarztpraxis Himmelmann und Kollegen<\/title>\n<meta name=\"robots\" content=\"index, follow, max-snippet:-1, max-image-preview:large, max-video-preview:-1\" \/>\n<link rel=\"canonical\" href=\"https:\/\/zahnarzt-himmelmann.de\/en\/zaehne-zeigen\/\" \/>\n<meta property=\"og:locale\" content=\"en_GB\" \/>\n<meta property=\"og:type\" content=\"article\" \/>\n<meta property=\"og:title\" content=\"Z\u00e4hne Zeigen - Zahnarztpraxis Himmelmann und Kollegen\" \/>\n<meta property=\"og:description\" content=\"JETZT MITMACHEN &gt;&gt; Willst Du Deine Z\u00e4hne verlieren, weil Du Dir bald finanziell gar nicht mehr leisten kannst, zum Zahnarzt zu gehen? Die Regierung hat f\u00fcr Dich schon entschieden und Deine zahn\u00e4rztlichen Leistungen gek\u00fcrzt. Das f\u00fchrt dazu, dass Du entweder viel Geld beim Zahnarzt selbst bezahlen musst, oder Deine Z\u00e4hne drunter leiden werden. Du bezahlst [&hellip;]\" \/>\n<meta property=\"og:url\" content=\"https:\/\/zahnarzt-himmelmann.de\/en\/zaehne-zeigen\/\" \/>\n<meta property=\"og:site_name\" content=\"Zahnarztpraxis Himmelmann und Kollegen\" \/>\n<meta property=\"article:modified_time\" content=\"2023-07-01T14:42:07+00:00\" \/>\n<meta name=\"twitter:card\" content=\"summary_large_image\" \/>\n<meta name=\"twitter:label1\" content=\"Estimated reading time\" \/>\n\t<meta name=\"twitter:data1\" content=\"8 minutes\" \/>\n<script type=\"application\/ld+json\" class=\"yoast-schema-graph\">{\"@context\":\"https:\/\/schema.org\",\"@graph\":[{\"@type\":\"WebPage\",\"@id\":\"https:\/\/zahnarzt-himmelmann.de\/zaehne-zeigen\",\"url\":\"https:\/\/zahnarzt-himmelmann.de\/zaehne-zeigen\",\"name\":\"Z\u00e4hne Zeigen - Zahnarztpraxis Himmelmann und Kollegen\",\"isPartOf\":{\"@id\":\"https:\/\/zahnarzt-himmelmann.de\/#website\"},\"datePublished\":\"2023-07-01T14:30:08+00:00\",\"dateModified\":\"2023-07-01T14:42:07+00:00\",\"breadcrumb\":{\"@id\":\"https:\/\/zahnarzt-himmelmann.de\/zaehne-zeigen#breadcrumb\"},\"inLanguage\":\"en-GB\",\"potentialAction\":[{\"@type\":\"ReadAction\",\"target\":[\"https:\/\/zahnarzt-himmelmann.de\/zaehne-zeigen\"]}]},{\"@type\":\"BreadcrumbList\",\"@id\":\"https:\/\/zahnarzt-himmelmann.de\/zaehne-zeigen#breadcrumb\",\"itemListElement\":[{\"@type\":\"ListItem\",\"position\":1,\"name\":\"Home\",\"item\":\"https:\/\/zahnarzt-himmelmann.de\/\"},{\"@type\":\"ListItem\",\"position\":2,\"name\":\"Z\u00e4hne Zeigen\"}]},{\"@type\":\"WebSite\",\"@id\":\"https:\/\/zahnarzt-himmelmann.de\/#website\",\"url\":\"https:\/\/zahnarzt-himmelmann.de\/\",\"name\":\"Zahnarztpraxis Himmelmann und Kollegen\",\"description\":\"Zahnarztpraxis Himmelmann und Kollegen am Kurt-Schuhmacher-Platz-Berlin\",\"publisher\":{\"@id\":\"https:\/\/zahnarzt-himmelmann.de\/#organization\"},\"potentialAction\":[{\"@type\":\"SearchAction\",\"target\":{\"@type\":\"EntryPoint\",\"urlTemplate\":\"https:\/\/zahnarzt-himmelmann.de\/?s={search_term_string}\"},\"query-input\":{\"@type\":\"PropertyValueSpecification\",\"valueRequired\":true,\"valueName\":\"search_term_string\"}}],\"inLanguage\":\"en-GB\"},{\"@type\":\"Organization\",\"@id\":\"https:\/\/zahnarzt-himmelmann.de\/#organization\",\"name\":\"Zahnarztpraxis Himmelmann und Kollegen\",\"url\":\"https:\/\/zahnarzt-himmelmann.de\/\",\"logo\":{\"@type\":\"ImageObject\",\"inLanguage\":\"en-GB\",\"@id\":\"https:\/\/zahnarzt-himmelmann.de\/#\/schema\/logo\/image\/\",\"url\":\"https:\/\/zahnarzt-himmelmann.de\/wp-content\/uploads\/2021\/04\/favicon.png\",\"contentUrl\":\"https:\/\/zahnarzt-himmelmann.de\/wp-content\/uploads\/2021\/04\/favicon.png\",\"width\":512,\"height\":512,\"caption\":\"Zahnarztpraxis Himmelmann und Kollegen\"},\"image\":{\"@id\":\"https:\/\/zahnarzt-himmelmann.de\/#\/schema\/logo\/image\/\"}}]}<\/script>\n<!-- \/ Yoast SEO plugin. -->","yoast_head_json":{"title":"Z\u00e4hne Zeigen - Zahnarztpraxis Himmelmann und Kollegen","robots":{"index":"index","follow":"follow","max-snippet":"max-snippet:-1","max-image-preview":"max-image-preview:large","max-video-preview":"max-video-preview:-1"},"canonical":"https:\/\/zahnarzt-himmelmann.de\/en\/zaehne-zeigen\/","og_locale":"en_GB","og_type":"article","og_title":"Z\u00e4hne Zeigen - Zahnarztpraxis Himmelmann und Kollegen","og_description":"JETZT MITMACHEN >> Willst Du Deine Z\u00e4hne verlieren, weil Du Dir bald finanziell gar nicht mehr leisten kannst, zum Zahnarzt zu gehen? Die Regierung hat f\u00fcr Dich schon entschieden und Deine zahn\u00e4rztlichen Leistungen gek\u00fcrzt. Das f\u00fchrt dazu, dass Du entweder viel Geld beim Zahnarzt selbst bezahlen musst, oder Deine Z\u00e4hne drunter leiden werden. Du bezahlst [&hellip;]","og_url":"https:\/\/zahnarzt-himmelmann.de\/en\/zaehne-zeigen\/","og_site_name":"Zahnarztpraxis Himmelmann und Kollegen","article_modified_time":"2023-07-01T14:42:07+00:00","twitter_card":"summary_large_image","twitter_misc":{"Estimated reading time":"8 minutes"},"schema":{"@context":"https:\/\/schema.org","@graph":[{"@type":"WebPage","@id":"https:\/\/zahnarzt-himmelmann.de\/zaehne-zeigen","url":"https:\/\/zahnarzt-himmelmann.de\/zaehne-zeigen","name":"Z\u00e4hne Zeigen - Zahnarztpraxis Himmelmann und Kollegen","isPartOf":{"@id":"https:\/\/zahnarzt-himmelmann.de\/#website"},"datePublished":"2023-07-01T14:30:08+00:00","dateModified":"2023-07-01T14:42:07+00:00","breadcrumb":{"@id":"https:\/\/zahnarzt-himmelmann.de\/zaehne-zeigen#breadcrumb"},"inLanguage":"en-GB","potentialAction":[{"@type":"ReadAction","target":["https:\/\/zahnarzt-himmelmann.de\/zaehne-zeigen"]}]},{"@type":"BreadcrumbList","@id":"https:\/\/zahnarzt-himmelmann.de\/zaehne-zeigen#breadcrumb","itemListElement":[{"@type":"ListItem","position":1,"name":"Home","item":"https:\/\/zahnarzt-himmelmann.de\/"},{"@type":"ListItem","position":2,"name":"Z\u00e4hne Zeigen"}]},{"@type":"WebSite","@id":"https:\/\/zahnarzt-himmelmann.de\/#website","url":"https:\/\/zahnarzt-himmelmann.de\/","name":"Dentist Himmelmann und Kollegen Berlin Kurt-Schumacher-Platz","description":"Zahnarztpraxis Himmelmann und Kollegen am Kurt-Schuhmacher-Platz-Berlin","publisher":{"@id":"https:\/\/zahnarzt-himmelmann.de\/#organization"},"potentialAction":[{"@type":"SearchAction","target":{"@type":"EntryPoint","urlTemplate":"https:\/\/zahnarzt-himmelmann.de\/?s={search_term_string}"},"query-input":{"@type":"PropertyValueSpecification","valueRequired":true,"valueName":"search_term_string"}}],"inLanguage":"en-GB"},{"@type":"Organization","@id":"https:\/\/zahnarzt-himmelmann.de\/#organization","name":"Dentist Himmelmann und Kollegen Berlin Kurt-Schumacher-Platz","url":"https:\/\/zahnarzt-himmelmann.de\/","logo":{"@type":"ImageObject","inLanguage":"en-GB","@id":"https:\/\/zahnarzt-himmelmann.de\/#\/schema\/logo\/image\/","url":"https:\/\/zahnarzt-himmelmann.de\/wp-content\/uploads\/2021\/04\/favicon.png","contentUrl":"https:\/\/zahnarzt-himmelmann.de\/wp-content\/uploads\/2021\/04\/favicon.png","width":512,"height":512,"caption":"Zahnarztpraxis Himmelmann und Kollegen"},"image":{"@id":"https:\/\/zahnarzt-himmelmann.de\/#\/schema\/logo\/image\/"}}]}},"_links":{"self":[{"href":"https:\/\/zahnarzt-himmelmann.de\/en\/wp-json\/wp\/v2\/pages\/4541","targetHints":{"allow":["GET"]}}],"collection":[{"href":"https:\/\/zahnarzt-himmelmann.de\/en\/wp-json\/wp\/v2\/pages"}],"about":[{"href":"https:\/\/zahnarzt-himmelmann.de\/en\/wp-json\/wp\/v2\/types\/page"}],"author":[{"embeddable":true,"href":"https:\/\/zahnarzt-himmelmann.de\/en\/wp-json\/wp\/v2\/users\/1"}],"replies":[{"embeddable":true,"href":"https:\/\/zahnarzt-himmelmann.de\/en\/wp-json\/wp\/v2\/comments?post=4541"}],"version-history":[{"count":10,"href":"https:\/\/zahnarzt-himmelmann.de\/en\/wp-json\/wp\/v2\/pages\/4541\/revisions"}],"predecessor-version":[{"id":4552,"href":"https:\/\/zahnarzt-himmelmann.de\/en\/wp-json\/wp\/v2\/pages\/4541\/revisions\/4552"}],"wp:attachment":[{"href":"https:\/\/zahnarzt-himmelmann.de\/en\/wp-json\/wp\/v2\/media?parent=4541"}],"curies":[{"name":"wp","href":"https:\/\/api.w.org\/{rel}","templated":true}]}}