{"id":375,"date":"2021-04-01T18:21:03","date_gmt":"2021-04-01T18:21:03","guid":{"rendered":"https:\/\/zahnarzt-himmelmann.de\/?page_id=375"},"modified":"2025-12-27T20:16:05","modified_gmt":"2025-12-27T18:16:05","slug":"impressum","status":"publish","type":"page","link":"https:\/\/zahnarzt-himmelmann.de\/en\/impressum","title":{"rendered":"Impressum"},"content":{"rendered":"<div data-elementor-type=\"wp-page\" data-elementor-id=\"375\" class=\"elementor elementor-375\" data-elementor-post-type=\"page\">\n\t\t\t\t\t\t<section class=\"elementor-section elementor-top-section elementor-element elementor-element-c643b65 elementor-hidden-tablet elementor-hidden-mobile elementor-section-boxed elementor-section-height-default elementor-section-height-default\" data-id=\"c643b65\" data-element_type=\"section\">\n\t\t\t\t\t\t<div class=\"elementor-container elementor-column-gap-default\">\n\t\t\t\t\t<div class=\"elementor-column elementor-col-100 elementor-top-column elementor-element elementor-element-b6e3fab\" data-id=\"b6e3fab\" data-element_type=\"column\">\n\t\t\t<div class=\"elementor-widget-wrap elementor-element-populated\">\n\t\t\t\t\t\t<div class=\"elementor-element elementor-element-a8711ae elementor-widget elementor-widget-spacer\" data-id=\"a8711ae\" data-element_type=\"widget\" data-widget_type=\"spacer.default\">\n\t\t\t\t<div class=\"elementor-widget-container\">\n\t\t\t\t\t\t\t<div class=\"elementor-spacer\">\n\t\t\t<div class=\"elementor-spacer-inner\"><\/div>\n\t\t<\/div>\n\t\t\t\t\t\t<\/div>\n\t\t\t\t<\/div>\n\t\t\t\t\t<\/div>\n\t\t<\/div>\n\t\t\t\t\t<\/div>\n\t\t<\/section>\n\t\t\t\t<section class=\"elementor-section elementor-top-section elementor-element elementor-element-3f38059 elementor-section-boxed elementor-section-height-default elementor-section-height-default\" data-id=\"3f38059\" data-element_type=\"section\">\n\t\t\t\t\t\t<div class=\"elementor-container elementor-column-gap-default\">\n\t\t\t\t\t<div class=\"elementor-column elementor-col-100 elementor-top-column elementor-element elementor-element-5dc1a84\" data-id=\"5dc1a84\" data-element_type=\"column\">\n\t\t\t<div class=\"elementor-widget-wrap elementor-element-populated\">\n\t\t\t\t\t\t<div class=\"elementor-element elementor-element-acf3702 elementor-hidden-desktop elementor-widget elementor-widget-spacer\" data-id=\"acf3702\" data-element_type=\"widget\" data-widget_type=\"spacer.default\">\n\t\t\t\t<div class=\"elementor-widget-container\">\n\t\t\t\t\t\t\t<div class=\"elementor-spacer\">\n\t\t\t<div class=\"elementor-spacer-inner\"><\/div>\n\t\t<\/div>\n\t\t\t\t\t\t<\/div>\n\t\t\t\t<\/div>\n\t\t\t\t\t<\/div>\n\t\t<\/div>\n\t\t\t\t\t<\/div>\n\t\t<\/section>\n\t\t\t\t<section class=\"elementor-section elementor-top-section elementor-element elementor-element-12bf1a3 elementor-section-boxed elementor-section-height-default elementor-section-height-default\" data-id=\"12bf1a3\" data-element_type=\"section\">\n\t\t\t\t\t\t<div class=\"elementor-container elementor-column-gap-default\">\n\t\t\t\t\t<div class=\"elementor-column elementor-col-100 elementor-top-column elementor-element elementor-element-715425b\" data-id=\"715425b\" data-element_type=\"column\">\n\t\t\t<div class=\"elementor-widget-wrap elementor-element-populated\">\n\t\t\t\t\t\t<div class=\"elementor-element elementor-element-aae0739 elementor-widget elementor-widget-text-editor\" data-id=\"aae0739\" data-element_type=\"widget\" data-widget_type=\"text-editor.default\">\n\t\t\t\t<div class=\"elementor-widget-container\">\n\t\t\t\t\t\t\t\t\t<h2>Impressum<\/h2><h2>Angaben gem\u00e4\u00df \u00a7 5 TMG:<\/h2><p><a href=\"https:\/\/zahnarzt-himmelmann.de\/en\/\" target=\"_blank\" rel=\"noopener noreferrer\">www.zahnarzt-himmelmann.de<\/a>\u00a0ist der Internetauftritt der Zahnarztpraxis Himmelmann und Kollegen zu informativen Zwecken f\u00fcr Patienten \u00fcber Zahnersatz.<br \/><a href=\"https:\/\/zahnarzt-himmelmann.de\/en\/\" target=\"_blank\" rel=\"noopener noreferrer\">www.zahnarzt-himmelmann.de<\/a>\u00a0stellt ausschlie\u00dflich subjektiv dar und kennzeichnet Darstellungen Dritter an den entsprechenden Stellen. Die Nennung von Produkten und Herstellern dient ausschlie\u00dflich der Information und soll keine Produkt- bzw. Herstellerwerbung sein. Ein Verkauf von Produkten findet auf\u00a0<a href=\"https:\/\/zahnarzt-himmelmann.de\/en\/\" target=\"_blank\" rel=\"noopener noreferrer\">www.zahnarzt-himmelmann.de<\/a>\u00a0nicht statt.<\/p><p>Kostas Himmelmann<\/p><p>Zahnarzt<\/p><p>Scharnweberstra\u00dfe 15 | 13405 Berlin<\/p><h2>Kontakt:<\/h2><table><tbody><tr><td>Telefon:<\/td><td>+49 (0)30 \u2013 495 10 20<\/td><\/tr><tr><td>Telefax:<\/td><td>+49 (0)30 \u2013 495 10 40<\/td><\/tr><tr><td>E-Mail:<\/td><td><a href=\"mailto:kontakt@zahnarzt-himmelmann.de\" rel=\"noreferrer\">kontakt@zahnarzt-himmelmann.de<\/a><\/td><\/tr><\/tbody><\/table><p>\u00a0<\/p><h2>Bankverbindung:<\/h2><div><span style=\"color: #232323; font-size: medium;\"><strong>Kontoinhaber:\u00a0Kostas Himmelmann<\/strong><\/span><\/div><div><span style=\"color: #232323; font-size: medium;\"><strong>IBAN <\/strong><\/span><span style=\"color: #232323; font-size: medium;\">DE54120700240022597901<\/span><\/div><div><span style=\"color: #232323; font-size: medium;\"><strong>BIC\u00a0<\/strong>DEUTDEDB160<\/span><\/div><div><span style=\"color: #232323; font-size: medium;\"><strong>Kontonummer<\/strong>\u00a00225979 01<\/span><\/div><div><span style=\"color: #232323; font-size: medium;\"><strong>Bankleitzahl<\/strong>\u00a012070024<\/span><\/div><div><span style=\"color: #232323; font-size: medium;\"><strong>Kreditinstitut<\/strong> Deutsche Bank<\/span><\/div><div>\u00a0<\/div><h2>Zust\u00e4ndige Aufsichtsbeh\u00f6rden<\/h2><p>Kassenzahn\u00e4rztliche Vereinigung Berlin<br \/>Georg-Wilhelm-Str. 16, 10711 Berlin<br \/>https:\/\/www.kzv-berlin.de<\/p><h2>Berufsbezeichnung und berufsrechtliche Regelungen<\/h2><p>Berufsbezeichnung:<br \/>Zahnarzt<br \/>Zust\u00e4ndige Kammer:<br \/>Zahn\u00e4rztekammer Berlin<br \/>www.zaek-berlin.de<\/p><p>Es gelten folgende berufsrechtliche Regelungen:<br \/>Berufsrechtliche Regelungen nach Musterberufsordnung der Bundeszahn\u00e4rztekammer Regelungen einsehbar unter:<br \/>https:\/\/www.bzaek.de<\/p><h2>Haftung f\u00fcr Inhalte<\/h2><p>Als Diensteanbieter sind wir gem\u00e4\u00df \u00a7 7 Abs.1 TMG f\u00fcr eigene Inhalte auf diesen Seiten nach den allgemeinen Gesetzen verantwortlich. Nach \u00a7\u00a7 8 bis 10 TMG sind wir als Diensteanbieter jedoch nicht verpflichtet, \u00fcbermittelte oder gespeicherte fremde Informationen zu \u00fcberwachen oder nach Umst\u00e4nden zu forschen, die auf eine rechtswidrige T\u00e4tigkeit hinweisen.<\/p><p>Verpflichtungen zur Entfernung oder Sperrung der Nutzung von Informationen nach den allgemeinen Gesetzen bleiben hiervon unber\u00fchrt. Eine diesbez\u00fcgliche Haftung ist jedoch erst ab dem Zeitpunkt der Kenntnis einer konkreten Rechtsverletzung m\u00f6glich. Bei Bekanntwerden von entsprechenden Rechtsverletzungen werden wir diese Inhalte umgehend entfernen.<\/p><h2>Haftung f\u00fcr Links<\/h2><p>Unser Angebot enth\u00e4lt Links zu externen Webseiten Dritter, auf deren Inhalte wir keinen Einfluss haben. Deshalb k\u00f6nnen wir f\u00fcr diese fremden Inhalte auch keine Gew\u00e4hr \u00fcbernehmen. F\u00fcr die Inhalte der verlinkten Seiten ist stets der jeweilige Anbieter oder Betreiber der Seiten verantwortlich. Die verlinkten Seiten wurden zum Zeitpunkt der Verlinkung auf m\u00f6gliche Rechtsverst\u00f6\u00dfe \u00fcberpr\u00fcft. Rechtswidrige Inhalte waren zum Zeitpunkt der Verlinkung nicht erkennbar.<\/p><p>Eine permanente inhaltliche Kontrolle der verlinkten Seiten ist jedoch ohne konkrete Anhaltspunkte einer Rechtsverletzung nicht zumutbar. Bei Bekanntwerden von Rechtsverletzungen werden wir derartige Links umgehend entfernen.<\/p><h2>Urheberrecht<\/h2><p>Die durch die Seitenbetreiber erstellten Inhalte und Werke auf diesen Seiten unterliegen dem deutschen Urheberrecht. Die Vervielf\u00e4ltigung, Bearbeitung, Verbreitung und jede Art der Verwertung au\u00dferhalb der Grenzen des Urheberrechtes bed\u00fcrfen der schriftlichen Zustimmung des jeweiligen Autors bzw. Erstellers. Downloads und Kopien dieser Seite sind nur f\u00fcr den privaten, nicht kommerziellen Gebrauch gestattet.<\/p><p>Soweit die Inhalte auf dieser Seite nicht vom Betreiber erstellt wurden, werden die Urheberrechte Dritter beachtet. Insbesondere werden Inhalte Dritter als solche gekennzeichnet. Sollten Sie trotzdem auf eine Urheberrechtsverletzung aufmerksam werden, bitten wir um einen entsprechenden Hinweis. Bei Bekanntwerden von Rechtsverletzungen werden wir derartige Inhalte umgehend entfernen.<\/p><p>Quelle:\u00a0<a href=\"https:\/\/www.e-recht24.de\/impressum-generator.html\" target=\"_blank\" rel=\"noopener noreferrer\">https:\/\/www.e-recht24.de\/impressumgenerator.html<\/a><\/p>\t\t\t\t\t\t\t\t<\/div>\n\t\t\t\t<\/div>\n\t\t\t\t\t<\/div>\n\t\t<\/div>\n\t\t\t\t\t<\/div>\n\t\t<\/section>\n\t\t\t\t<\/div>","protected":false},"excerpt":{"rendered":"<p>Impressum Angaben gem\u00e4\u00df \u00a7 5 TMG: www.zahnarzt-himmelmann.de\u00a0ist der Internetauftritt der Zahnarztpraxis Himmelmann und Kollegen zu informativen Zwecken f\u00fcr Patienten \u00fcber Zahnersatz.www.zahnarzt-himmelmann.de\u00a0stellt ausschlie\u00dflich subjektiv dar und kennzeichnet Darstellungen Dritter an den entsprechenden Stellen. Die Nennung von Produkten und Herstellern dient ausschlie\u00dflich der Information und soll keine Produkt- bzw. Herstellerwerbung sein. Ein Verkauf von Produkten findet auf\u00a0www.zahnarzt-himmelmann.de\u00a0nicht [&hellip;]<\/p>","protected":false},"author":1,"featured_media":0,"parent":0,"menu_order":0,"comment_status":"closed","ping_status":"closed","template":"elementor_header_footer","meta":{"inline_featured_image":false,"footnotes":""},"class_list":["post-375","page","type-page","status-publish","hentry","entry"],"yoast_head":"<!-- This site is optimized with the Yoast SEO plugin v26.6 - https:\/\/yoast.com\/wordpress\/plugins\/seo\/ -->\n<title>Impressum - Zahnarztpraxis Himmelmann und Kollegen<\/title>\n<meta name=\"robots\" content=\"index, follow, max-snippet:-1, max-image-preview:large, max-video-preview:-1\" \/>\n<link rel=\"canonical\" href=\"https:\/\/zahnarzt-himmelmann.de\/en\/impressum\/\" \/>\n<meta property=\"og:locale\" content=\"en_GB\" \/>\n<meta property=\"og:type\" content=\"article\" \/>\n<meta property=\"og:title\" content=\"Impressum - Zahnarztpraxis Himmelmann und Kollegen\" \/>\n<meta property=\"og:description\" content=\"Impressum Angaben gem\u00e4\u00df \u00a7 5 TMG: www.zahnarzt-himmelmann.de\u00a0ist der Internetauftritt der Zahnarztpraxis Himmelmann und Kollegen zu informativen Zwecken f\u00fcr Patienten \u00fcber Zahnersatz.www.zahnarzt-himmelmann.de\u00a0stellt ausschlie\u00dflich subjektiv dar und kennzeichnet Darstellungen Dritter an den entsprechenden Stellen. Die Nennung von Produkten und Herstellern dient ausschlie\u00dflich der Information und soll keine Produkt- bzw. Herstellerwerbung sein. Ein Verkauf von Produkten findet auf\u00a0www.zahnarzt-himmelmann.de\u00a0nicht [&hellip;]\" \/>\n<meta property=\"og:url\" content=\"https:\/\/zahnarzt-himmelmann.de\/en\/impressum\/\" \/>\n<meta property=\"og:site_name\" content=\"Zahnarztpraxis Himmelmann und Kollegen\" \/>\n<meta property=\"article:modified_time\" content=\"2025-12-27T18:16:05+00:00\" \/>\n<meta name=\"twitter:card\" content=\"summary_large_image\" \/>\n<meta name=\"twitter:label1\" content=\"Estimated reading time\" \/>\n\t<meta name=\"twitter:data1\" content=\"2 minutes\" \/>\n<script type=\"application\/ld+json\" class=\"yoast-schema-graph\">{\"@context\":\"https:\/\/schema.org\",\"@graph\":[{\"@type\":\"WebPage\",\"@id\":\"https:\/\/zahnarzt-himmelmann.de\/impressum\",\"url\":\"https:\/\/zahnarzt-himmelmann.de\/impressum\",\"name\":\"Impressum - Zahnarztpraxis Himmelmann und Kollegen\",\"isPartOf\":{\"@id\":\"https:\/\/zahnarzt-himmelmann.de\/#website\"},\"datePublished\":\"2021-04-01T18:21:03+00:00\",\"dateModified\":\"2025-12-27T18:16:05+00:00\",\"breadcrumb\":{\"@id\":\"https:\/\/zahnarzt-himmelmann.de\/impressum#breadcrumb\"},\"inLanguage\":\"en-GB\",\"potentialAction\":[{\"@type\":\"ReadAction\",\"target\":[\"https:\/\/zahnarzt-himmelmann.de\/impressum\"]}]},{\"@type\":\"BreadcrumbList\",\"@id\":\"https:\/\/zahnarzt-himmelmann.de\/impressum#breadcrumb\",\"itemListElement\":[{\"@type\":\"ListItem\",\"position\":1,\"name\":\"Home\",\"item\":\"https:\/\/zahnarzt-himmelmann.de\/\"},{\"@type\":\"ListItem\",\"position\":2,\"name\":\"Impressum\"}]},{\"@type\":\"WebSite\",\"@id\":\"https:\/\/zahnarzt-himmelmann.de\/#website\",\"url\":\"https:\/\/zahnarzt-himmelmann.de\/\",\"name\":\"Zahnarztpraxis Himmelmann und Kollegen\",\"description\":\"Zahnarztpraxis Himmelmann und Kollegen am Kurt-Schuhmacher-Platz-Berlin\",\"publisher\":{\"@id\":\"https:\/\/zahnarzt-himmelmann.de\/#organization\"},\"potentialAction\":[{\"@type\":\"SearchAction\",\"target\":{\"@type\":\"EntryPoint\",\"urlTemplate\":\"https:\/\/zahnarzt-himmelmann.de\/?s={search_term_string}\"},\"query-input\":{\"@type\":\"PropertyValueSpecification\",\"valueRequired\":true,\"valueName\":\"search_term_string\"}}],\"inLanguage\":\"en-GB\"},{\"@type\":\"Organization\",\"@id\":\"https:\/\/zahnarzt-himmelmann.de\/#organization\",\"name\":\"Zahnarztpraxis Himmelmann und Kollegen\",\"url\":\"https:\/\/zahnarzt-himmelmann.de\/\",\"logo\":{\"@type\":\"ImageObject\",\"inLanguage\":\"en-GB\",\"@id\":\"https:\/\/zahnarzt-himmelmann.de\/#\/schema\/logo\/image\/\",\"url\":\"https:\/\/zahnarzt-himmelmann.de\/wp-content\/uploads\/2021\/04\/favicon.png\",\"contentUrl\":\"https:\/\/zahnarzt-himmelmann.de\/wp-content\/uploads\/2021\/04\/favicon.png\",\"width\":512,\"height\":512,\"caption\":\"Zahnarztpraxis Himmelmann und Kollegen\"},\"image\":{\"@id\":\"https:\/\/zahnarzt-himmelmann.de\/#\/schema\/logo\/image\/\"}}]}<\/script>\n<!-- \/ Yoast SEO plugin. -->","yoast_head_json":{"title":"Impressum - Zahnarztpraxis Himmelmann und Kollegen","robots":{"index":"index","follow":"follow","max-snippet":"max-snippet:-1","max-image-preview":"max-image-preview:large","max-video-preview":"max-video-preview:-1"},"canonical":"https:\/\/zahnarzt-himmelmann.de\/en\/impressum\/","og_locale":"en_GB","og_type":"article","og_title":"Impressum - Zahnarztpraxis Himmelmann und Kollegen","og_description":"Impressum Angaben gem\u00e4\u00df \u00a7 5 TMG: www.zahnarzt-himmelmann.de\u00a0ist der Internetauftritt der Zahnarztpraxis Himmelmann und Kollegen zu informativen Zwecken f\u00fcr Patienten \u00fcber Zahnersatz.www.zahnarzt-himmelmann.de\u00a0stellt ausschlie\u00dflich subjektiv dar und kennzeichnet Darstellungen Dritter an den entsprechenden Stellen. Die Nennung von Produkten und Herstellern dient ausschlie\u00dflich der Information und soll keine Produkt- bzw. Herstellerwerbung sein. Ein Verkauf von Produkten findet auf\u00a0www.zahnarzt-himmelmann.de\u00a0nicht [&hellip;]","og_url":"https:\/\/zahnarzt-himmelmann.de\/en\/impressum\/","og_site_name":"Zahnarztpraxis Himmelmann und Kollegen","article_modified_time":"2025-12-27T18:16:05+00:00","twitter_card":"summary_large_image","twitter_misc":{"Estimated reading time":"2 minutes"},"schema":{"@context":"https:\/\/schema.org","@graph":[{"@type":"WebPage","@id":"https:\/\/zahnarzt-himmelmann.de\/impressum","url":"https:\/\/zahnarzt-himmelmann.de\/impressum","name":"Impressum - Zahnarztpraxis Himmelmann und Kollegen","isPartOf":{"@id":"https:\/\/zahnarzt-himmelmann.de\/#website"},"datePublished":"2021-04-01T18:21:03+00:00","dateModified":"2025-12-27T18:16:05+00:00","breadcrumb":{"@id":"https:\/\/zahnarzt-himmelmann.de\/impressum#breadcrumb"},"inLanguage":"en-GB","potentialAction":[{"@type":"ReadAction","target":["https:\/\/zahnarzt-himmelmann.de\/impressum"]}]},{"@type":"BreadcrumbList","@id":"https:\/\/zahnarzt-himmelmann.de\/impressum#breadcrumb","itemListElement":[{"@type":"ListItem","position":1,"name":"Home","item":"https:\/\/zahnarzt-himmelmann.de\/"},{"@type":"ListItem","position":2,"name":"Impressum"}]},{"@type":"WebSite","@id":"https:\/\/zahnarzt-himmelmann.de\/#website","url":"https:\/\/zahnarzt-himmelmann.de\/","name":"Dentist Himmelmann und Kollegen Berlin Kurt-Schumacher-Platz","description":"Zahnarztpraxis Himmelmann und Kollegen am Kurt-Schuhmacher-Platz-Berlin","publisher":{"@id":"https:\/\/zahnarzt-himmelmann.de\/#organization"},"potentialAction":[{"@type":"SearchAction","target":{"@type":"EntryPoint","urlTemplate":"https:\/\/zahnarzt-himmelmann.de\/?s={search_term_string}"},"query-input":{"@type":"PropertyValueSpecification","valueRequired":true,"valueName":"search_term_string"}}],"inLanguage":"en-GB"},{"@type":"Organization","@id":"https:\/\/zahnarzt-himmelmann.de\/#organization","name":"Dentist Himmelmann und Kollegen Berlin Kurt-Schumacher-Platz","url":"https:\/\/zahnarzt-himmelmann.de\/","logo":{"@type":"ImageObject","inLanguage":"en-GB","@id":"https:\/\/zahnarzt-himmelmann.de\/#\/schema\/logo\/image\/","url":"https:\/\/zahnarzt-himmelmann.de\/wp-content\/uploads\/2021\/04\/favicon.png","contentUrl":"https:\/\/zahnarzt-himmelmann.de\/wp-content\/uploads\/2021\/04\/favicon.png","width":512,"height":512,"caption":"Zahnarztpraxis Himmelmann und Kollegen"},"image":{"@id":"https:\/\/zahnarzt-himmelmann.de\/#\/schema\/logo\/image\/"}}]}},"_links":{"self":[{"href":"https:\/\/zahnarzt-himmelmann.de\/en\/wp-json\/wp\/v2\/pages\/375","targetHints":{"allow":["GET"]}}],"collection":[{"href":"https:\/\/zahnarzt-himmelmann.de\/en\/wp-json\/wp\/v2\/pages"}],"about":[{"href":"https:\/\/zahnarzt-himmelmann.de\/en\/wp-json\/wp\/v2\/types\/page"}],"author":[{"embeddable":true,"href":"https:\/\/zahnarzt-himmelmann.de\/en\/wp-json\/wp\/v2\/users\/1"}],"replies":[{"embeddable":true,"href":"https:\/\/zahnarzt-himmelmann.de\/en\/wp-json\/wp\/v2\/comments?post=375"}],"version-history":[{"count":52,"href":"https:\/\/zahnarzt-himmelmann.de\/en\/wp-json\/wp\/v2\/pages\/375\/revisions"}],"predecessor-version":[{"id":4746,"href":"https:\/\/zahnarzt-himmelmann.de\/en\/wp-json\/wp\/v2\/pages\/375\/revisions\/4746"}],"wp:attachment":[{"href":"https:\/\/zahnarzt-himmelmann.de\/en\/wp-json\/wp\/v2\/media?parent=375"}],"curies":[{"name":"wp","href":"https:\/\/api.w.org\/{rel}","templated":true}]}}